{"id":105,"date":"2025-10-02T01:36:08","date_gmt":"2025-10-01T23:36:08","guid":{"rendered":"http:\/\/localhost\/blog\/?page_id=105"},"modified":"2025-10-02T04:57:09","modified_gmt":"2025-10-02T04:57:09","slug":"sobre-mi","status":"publish","type":"page","link":"https:\/\/rodolfoalzate.com\/blog\/sobre-mi\/","title":{"rendered":"Sobre m\u00ed"},"content":{"rendered":"\n<p>\u200b<\/p>\n\n\n\n<h2 class=\"wp-block-heading\">&nbsp;Una idea general<\/h2>\n\n\n\n<p>Soy psic\u00f3logo de&nbsp;la <strong>Universidad de Antioquia<\/strong>,&nbsp;me gradu\u00e9 en el 2009 y atiendo consulta particular desde entonces en <strong>Medell\u00edn<\/strong>. Realic\u00e9 mis pr\u00e1cticas en el departamento de Artes de la Universidad, donde&nbsp;trabaj\u00e9 con estudiantes de artes&nbsp;pl\u00e1sticas, m\u00fasica, teatro y danza. Por mi estrecha relaci\u00f3n con la m\u00fasica y el arte, este fue el ambiente perfecto para responder a muchas preguntas personales y tambi\u00e9n estar en relaci\u00f3n con aquellos personajes, los artistas, siempre tan estigmatizados y asociados a la locura (<a href=\"http:\/\/rodolfoalzate.com\/blog\/bibliografia.html\" target=\"_blank\" rel=\"noreferrer noopener\">Brenot, 2000<\/a>). Luego trabaj\u00e9 para la <strong>Alcald\u00eda de Medell\u00edn<\/strong> con un grupo de <strong>250 j\u00f3venes<\/strong> de los barrios m\u00e1s afectados&nbsp;por la violencia. En la actualidad contin\u00fao con mi pr\u00e1ctica privada,&nbsp;dedic\u00e1ndome&nbsp;a atender consulta particular&nbsp;en el barrio Prado Centro, donde est\u00e1&nbsp;ubicado mi consultorio, tambi\u00e9n atiendo consulta online y en ingl\u00e9s.<\/p>\n\n\n\n<p><\/p>\n\n\n\n<h2 class=\"wp-block-heading\">Personas con quien trabajo<\/h2>\n\n\n\n<p>Mi trabajo siempre ha sido con <strong>j\u00f3venes y adultos<\/strong>&nbsp;de todos los \u00e1mbitos; arte, m\u00fasica, profesionales, estudiantes universitarios, madres, personas afectadas por la violencia, las drogas, la soledad, la tristeza, por el \u201cno saber qu\u00e9 hacer en la vida\u201d, entre otras problem\u00e1ticas.<\/p>\n\n\n\n<h2 class=\"wp-block-heading\">\u00bfDe qu\u00e9 se trata el trabajo de psic\u00f3logo?<\/h2>\n\n\n\n<p>Durante estos a\u00f1os de trabajo he acompa\u00f1ado a muchas personas en situaciones dif\u00edciles de sus vidas, incluso a veces, a pasar la vida. Mi trabajo consiste en acompa\u00f1ar, hablar de lo que no se ha hablado, entender cosas, permitir mirarse y aceptarse a s\u00ed mismos para ver la vida diferente.<\/p>\n\n\n\n<p>Todo esto se hace de manera muy simple: <strong>conversando<\/strong>. (<strong>conversaci\u00f3n terap\u00e9utica<\/strong> la llaman algunos escritores sobre&nbsp;Terapias Narrativas) \u00abNadie sale ileso de un acto de palabra\u00bb -dec\u00eda uno de mis profesores-. Este es un&nbsp;video que explica muy bien lo importante de contar nuestras propias historias:<\/p>\n\n\n\n<figure class=\"wp-block-embed is-type-video is-provider-youtube wp-block-embed-youtube wp-embed-aspect-16-9 wp-has-aspect-ratio\"><div class=\"wp-block-embed__wrapper\">\n<iframe loading=\"lazy\" title=\"Saber qui\u00e9n soy para saber qu\u00e9 hacer | Javier Mazza | TEDxMontevideo\" width=\"500\" height=\"281\" src=\"https:\/\/www.youtube.com\/embed\/-d5OzwlB7fY?feature=oembed\" frameborder=\"0\" allow=\"accelerometer; autoplay; clipboard-write; encrypted-media; gyroscope; picture-in-picture; web-share\" referrerpolicy=\"strict-origin-when-cross-origin\" allowfullscreen><\/iframe>\n<\/div><\/figure>\n\n\n\n<p>Para ser un poco m\u00e1s claro, hablar sobre lo que nos afecta es <strong>ocuparse de s\u00ed mismos<\/strong>, y esto, siempre modifica la experiencia; <strong>hace que la tristeza atormente menos, que el dolor se calme<\/strong>. Es por esto que cuando vamos por ah\u00ed y de repente nos golpeamos, hay que decir alguna palabra al estilo \u201cay! %$%##%\u201d para que el dolor salga, haci\u00e9ndolo m\u00e1s tolerable. <a href=\"https:\/\/www.scientificamerican.com\/article\/why-do-we-swear\/\">Incluso hay investigaciones que lo prueban<\/a>, el dolor es menos doloroso cuando decimos palabras sobre \u00e9l.&nbsp;La cosa importante es que esto de decir palabras aplica tanto para el dolor f\u00edsico como emocional.<\/p>\n\n\n\n<p>Conversar es tan efectivo, que incluso ya hay al menos un <a href=\"http:\/\/pijamasurf.com\/2017\/10\/noruega_implementa_el_primer_hospital_psiquiatrico_libre_de_medicamentos\/\">hospital psiqui\u00e1trico<\/a> en el mundo que ha abandonado la medicaci\u00f3n como tratamiento obligatorio para sus pacientes, ahora, el tratamiento principal es la <strong>\u201cconversaci\u00f3n libre\u201d<\/strong>. Definitivamente un \u201chabla de lo que est\u00e1s sintiendo\u201d es mucho mejor que \u201ctoma esta pastilla para que no sientas\u201d.<\/p>\n\n\n\n<p>Mi trabajo&nbsp;es conversar con las personas en un clima de mucha confianza y sinceridad sobre sus dificultades.<\/p>\n\n\n\n<h2 class=\"wp-block-heading\">\u00bfDe qu\u00e9 se trata este Blog?<\/h2>\n\n\n\n<p>Es un lugar para escribir notas sobre <strong>temas generales de la vida y sus problem\u00e1ticas<\/strong>, es af\u00edn con mi trabajo &nbsp;como psic\u00f3logo y la manera personal de observar las cosas, las personas, sus problem\u00e1ticas y c\u00f3mo estas podr\u00edan llevarse mejor&#8230; o peor. <strong>Es una manera de ver la vida y sus peripecias<\/strong>. Tambi\u00e9n es un espacio para compartir informaci\u00f3n general sobre videos, libros, art\u00edculos y cosas que me encuentro por ah\u00ed que me parecen interesantes.<\/p>\n\n\n\n<p>Es otra forma&nbsp;hacer de la vida un poco m\u00e1s agradable, disfrutarla, y a la vez, compartirla con otros. Hay quienes dicen que la felicidad y las cosas que uno hace&nbsp;se disfrutan m\u00e1s si son compartidas&nbsp;(<a href=\"http:\/\/www.rodolfoalzate.com\/blog\/bibliografia.html\" target=\"_blank\" rel=\"noreferrer noopener\">Krakauer, 1996<\/a>).<\/p>\n\n\n\n<p>Intentar\u00e9 escribir sobre temas\u00a0espero le sean de utilidad a otros, aunque quiero aclarar\u00a0que mucho\u00a0de este\u00a0contenido\u00a0puede ser solo un punto de vista u opini\u00f3n personal. <strong>Los puntos de vista pueden ser cambiantes; las opiniones,\u00a0como las personas, est\u00e1n en constante movimiento,\u00a0<\/strong>y as\u00ed\u00a0lo que una vez pensamos, en otro momento puede ser objeto de extra\u00f1eza,\u00a0parecer distante\u00a0y, de repente, un \u00abyo no dije eso\u00bb resulta lo m\u00e1s natural. Es adecuado entonces ver las ideas como herramientas provisionales para, ojal\u00e1, hacer la vida un poco m\u00e1s simple.\u00a0(Aunque, quien las quiera para hacer la vida m\u00e1s compleja, pues tambi\u00e9n).<br><br><br>Rodolfo<\/p>\n\n\n\n<p><\/p>\n","protected":false},"excerpt":{"rendered":"<p>\u200b &nbsp;Una idea general Soy psic\u00f3logo de&nbsp;la Universidad de Antioquia,&nbsp;me gradu\u00e9 en el 2009 y atiendo consulta particular desde entonces en Medell\u00edn. Realic\u00e9 mis pr\u00e1cticas en el departamento de Artes de la Universidad, donde&nbsp;trabaj\u00e9 con estudiantes de artes&nbsp;pl\u00e1sticas, m\u00fasica, teatro y danza. Por mi estrecha relaci\u00f3n con la m\u00fasica y el arte, este fue el [&hellip;]<\/p>\n","protected":false},"author":1,"featured_media":20,"parent":0,"menu_order":0,"comment_status":"closed","ping_status":"closed","template":"","meta":{"_seopress_robots_primary_cat":"","_seopress_titles_title":"Un poco sobre Rodolfo Alzate, psicoterapia conversacional y la orientaci\u00f3n de este blog","_seopress_titles_desc":"Psicoterapia en Medell\u00edn. Conversar de la vida y sus dificultades tambi\u00e9n en Ingl\u00e9s y online.","_seopress_robots_index":"","_coblocks_attr":"","_coblocks_dimensions":"","_coblocks_responsive_height":"","_coblocks_accordion_ie_support":"","footnotes":""},"class_list":["post-105","page","type-page","status-publish","has-post-thumbnail","hentry"],"_links":{"self":[{"href":"https:\/\/rodolfoalzate.com\/blog\/wp-json\/wp\/v2\/pages\/105","targetHints":{"allow":["GET"]}}],"collection":[{"href":"https:\/\/rodolfoalzate.com\/blog\/wp-json\/wp\/v2\/pages"}],"about":[{"href":"https:\/\/rodolfoalzate.com\/blog\/wp-json\/wp\/v2\/types\/page"}],"author":[{"embeddable":true,"href":"https:\/\/rodolfoalzate.com\/blog\/wp-json\/wp\/v2\/users\/1"}],"replies":[{"embeddable":true,"href":"https:\/\/rodolfoalzate.com\/blog\/wp-json\/wp\/v2\/comments?post=105"}],"version-history":[{"count":1,"href":"https:\/\/rodolfoalzate.com\/blog\/wp-json\/wp\/v2\/pages\/105\/revisions"}],"predecessor-version":[{"id":141,"href":"https:\/\/rodolfoalzate.com\/blog\/wp-json\/wp\/v2\/pages\/105\/revisions\/141"}],"wp:featuredmedia":[{"embeddable":true,"href":"https:\/\/rodolfoalzate.com\/blog\/wp-json\/wp\/v2\/media\/20"}],"wp:attachment":[{"href":"https:\/\/rodolfoalzate.com\/blog\/wp-json\/wp\/v2\/media?parent=105"}],"curies":[{"name":"wp","href":"https:\/\/api.w.org\/{rel}","templated":true}]}}